{"id":985,"date":"2025-12-08T14:59:31","date_gmt":"2025-12-08T14:59:31","guid":{"rendered":"https:\/\/miss-berry.nl\/ueber-miss-berry\/"},"modified":"2025-12-08T15:01:06","modified_gmt":"2025-12-08T15:01:06","slug":"ueber-miss-berry","status":"publish","type":"page","link":"https:\/\/miss-berry.nl\/de\/ueber-miss-berry\/","title":{"rendered":"\u00dcber Miss Berry"},"content":{"rendered":"<div id='av-layout-grid-1'  class='av-layout-grid-container entry-content-wrapper main_color av-flex-cells   av-small-hide av-mini-hide   avia-builder-el-0  el_before_av_section  avia-builder-el-first  container_wrap sidebar_right' style=' '  >\n<div class=\"flex_cell no_margin av_one_full  avia-builder-el-1  avia-builder-el-no-sibling   av-zero-padding \"  style='height:500px; min-height:500px;vertical-align:top; padding:0px; ' ><div class='flex_cell_inner' ><div class=\"flex_column av_one_full  avia-full-stretch flex_column_div first  avia-builder-el-2  avia-builder-el-no-sibling  \" style='background:url(https:\/\/miss-berry.nl\/wp-content\/uploads\/2021\/02\/aliona-gumeniuk-pHDFgXWIOK0-unsplash-scaled.jpg) bottom center no-repeat ; padding:30px 30px 30px 75px ; border-radius:0px; '><p><div  style='height:125px' class='hr hr-invisible   avia-builder-el-3  el_before_av_textblock  avia-builder-el-first '><span class='hr-inner ' ><span class='hr-inner-style'><\/span><\/span><\/div><br \/>\n<section class=\"av_textblock_section \"  itemscope=\"itemscope\" itemtype=\"https:\/\/schema.org\/CreativeWork\" ><div class='avia_textblock  av_inherit_color '  style='color:#ffffff; '  itemprop=\"text\" ><h1>\u00dcber Miss Berry<\/h1>\n<\/div><\/section><br \/>\n<div  style='height:125px' class='hr hr-invisible   avia-builder-el-5  el_after_av_textblock  avia-builder-el-last '><span class='hr-inner ' ><span class='hr-inner-style'><\/span><\/span><\/div><\/p><\/div>\n<\/div><\/div>\n<\/div>\n<div id='av_section_1'  class='avia-section main_color avia-section-default avia-no-border-styling  avia-bg-style-scroll  avia-builder-el-6  el_after_av_layout_row  el_before_av_section   av-small-hide av-mini-hide container_wrap sidebar_right' style=' margin-top:-125px; margin-bottom:0px; '  ><div class='container' ><div class='template-page content  av-content-small alpha units'><div class='post-entry post-entry-type-page post-entry-985'><div class='entry-content-wrapper clearfix'>\n<div class=\"flex_column av_one_half  flex_column_div av-zero-column-padding first  avia-builder-el-7  el_before_av_one_half  avia-builder-el-first  \" style='border-radius:0px; '><section class=\"av_textblock_section \"  itemscope=\"itemscope\" itemtype=\"https:\/\/schema.org\/CreativeWork\" ><div class='avia_textblock  '   itemprop=\"text\" ><p>Die Mission von Miss Berry ist es, Lebensmittelverschwendung entlang der gesamten Kette zu reduzieren \u2013 vom Erzeuger bis zum Einzelhandel. Das erreichen wir mit einer effizienten, gut abgestimmten Distributionskette f\u00fcr Klasse-3-Beerenobst. Wir organisieren schnelle, r\u00fcckverfolgbare Transporte vom Erzeuger zum Hersteller, arbeiten mit kurzen Wegen und entwickeln praktische L\u00f6sungen f\u00fcr alle Beteiligten. So erzielen wir einen besseren Preis f\u00fcr die Erzeuger und liefern der Lebensmittel verarbeitenden Industrie hochwertige Rohstoffe.<\/p>\n<\/div><\/section><\/div><div class=\"flex_column av_one_half  flex_column_div av-zero-column-padding   avia-builder-el-9  el_after_av_one_half  avia-builder-el-last  \" style='border-radius:0px; '><section class=\"av_textblock_section \"  itemscope=\"itemscope\" itemtype=\"https:\/\/schema.org\/CreativeWork\" ><div class='avia_textblock  '   itemprop=\"text\" ><blockquote>\n<p>Miss Berry m\u00f6chte Lebensmittelverschwendung mit einer transparenten und nachhaltigen Lieferkette f\u00fcr Klasse-3-Beerenobst bek\u00e4mpfen. Dadurch erhalten die Erzeuger eine bessere Verg\u00fctung f\u00fcr ihre Reststr\u00f6me, die Lebensmittelindustrie bekommt vollwertige Rohwaren geliefert und es wird deutlich weniger Nahrung wegge\u00adworfen.<\/p>\n<\/blockquote>\n<\/div><\/section><\/div><\/div><\/div><\/div><!-- close content main div --><\/div><\/div><div id='av_section_2'  class='avia-section main_color avia-section-default avia-no-border-styling  avia-bg-style-scroll  avia-builder-el-11  el_after_av_section  el_before_av_layout_row   av-small-hide av-mini-hide container_wrap sidebar_right' style='background-color: #f4f4f4;  margin-top:0px; margin-bottom:0px; '  ><div class='container' ><div class='template-page content  av-content-small alpha units'><div class='post-entry post-entry-type-page post-entry-985'><div class='entry-content-wrapper clearfix'>\n<div class=\"flex_column av_one_half  flex_column_div av-zero-column-padding first  avia-builder-el-12  el_before_av_one_half  avia-builder-el-first  \" style='border-radius:0px; '><section class=\"av_textblock_section \"  itemscope=\"itemscope\" itemtype=\"https:\/\/schema.org\/CreativeWork\" ><div class='avia_textblock  '   itemprop=\"text\" ><blockquote>\n<p>\u00dcber Manon Krijnen<\/p>\n<\/blockquote>\n<p>Manon Krijnen ist die treibende Kraft hinter Miss Berry. Als Tochter eines Chicor\u00e9e-Erzeugers gr\u00fcndete sie ihr Unternehmen, nachdem ein Beerenobst-Erzeuger einen Abnehmer f\u00fcr seine Klasse-3-Produkte suchte. Manon machte sich auf die Suche \u2013 und wurde f\u00fcndig. In diesem ersten Jahr lieferte sie 50.000 Kilo \u00fcberreife Himbeeren und Brombeeren an einen Hersteller in Deutschland.<\/p>\n<\/div><\/section><\/div><div class=\"flex_column av_one_half  flex_column_div av-zero-column-padding   avia-builder-el-14  el_after_av_one_half  el_before_av_button  \" style='border-radius:0px; '><div   data-autoplay='1'  data-interval='5'  data-animation='fade'  data-hoverpause='1'  class='avia-testimonial-wrapper avia-grid-testimonials avia-grid-2-testimonials avia_animate_when_almost_visible   '>\n<section class ='avia-testimonial-row'><div class='avia-testimonial av_one_half flex_column no_margin avia-testimonial-row-1 avia-first-testimonial' ><div class='avia-testimonial_inner'  itemscope=\"itemscope\" itemtype=\"https:\/\/schema.org\/CreativeWork\" ><div class='avia-testimonial-image'  itemprop=\"image\"  style='background-image:url(https:\/\/miss-berry.nl\/wp-content\/uploads\/2025\/11\/Manon_-180x180.png);'><\/div><div class='avia-testimonial-content '  ><div class='avia-testimonial-markup-entry-content'  itemprop=\"text\" ><p><em>\u201cDie Erzeuger leisten hervorragende Arbeit. Trotzdem hat jeder Betrieb immer einen Reststrom aus weniger sch\u00f6nen oder \u00fcberreifen Fr\u00fcchten. F\u00fcr diese Erdbeeren oder Beeren werden dieselben Kosten und derselbe Aufwand betrieben \u2013 aber sie k\u00f6nnen nicht an Superm\u00e4rkte oder Obstl\u00e4den verkauft werden. Ich sorge daf\u00fcr, dass dieses Industrieobst schnell zur Lebensmittel verarbeitenden Industrie gelangt, f\u00fcr die es ein vollwertiger Rohstoff ist. Eine nachhaltige Gesamtl\u00f6sung, die Lebensmittelverschwendung reduziert.\u201d<\/em><\/p>\n<\/div><\/div><div class='avia-testimonial-meta'><div class='avia-testimonial-arrow-wrap'><div class='avia-arrow'><\/div><\/div><div class='avia-testimonial-meta-mini'  itemprop=\"author\" itemscope=\"itemscope\" itemtype=\"https:\/\/schema.org\/Person\" ><strong  class='avia-testimonial-name'    itemprop=\"name\" >Manon Krijnen<\/strong><span  class='avia-testimonial-subtitle '    itemprop=\"jobTitle\" >Miss Berry <\/span><\/div><\/div><\/div><\/div>\n<\/section><\/div><\/div><div  class='avia-button-wrap avia-button-center  avia-builder-el-16  el_after_av_one_half  avia-builder-el-last ' ><a href='https:\/\/miss-berry.nl\/contact\/'  class='avia-button   avia-icon_select-no avia-size-large avia-position-center '  style='background-color:#a71d44; border-color:#a71d44; color:#ffffff; ' ><span class='avia_iconbox_title' >KONTAKT<\/span><\/a><\/div>\n<\/div><\/div><\/div><!-- close content main div --><\/div><\/div><div id='av-layout-grid-2'  class='av-layout-grid-container entry-content-wrapper main_color av-flex-cells   av-small-hide av-mini-hide   avia-builder-el-17  el_after_av_section  el_before_av_section  submenu-not-first container_wrap sidebar_right' style=' '  >\n<div class=\"flex_cell no_margin av_one_half  avia-builder-el-18  el_before_av_cell_one_half  avia-builder-el-first   avia-full-stretch \"  style='background:url(https:\/\/miss-berry.nl\/wp-content\/uploads\/2021\/05\/ShotsbYvon1-10-scaled.jpg) center center no-repeat scroll; vertical-align:top; padding:30px; ' ><div class='flex_cell_inner' ><div  style='height:350px' class='hr hr-invisible   avia-builder-el-19  avia-builder-el-no-sibling '><span class='hr-inner ' ><span class='hr-inner-style'><\/span><\/span><\/div>\n<\/div><\/div><div class=\"flex_cell no_margin av_one_half  avia-builder-el-20  el_after_av_cell_one_half  avia-builder-el-last   avia-full-stretch \"  style='background:url(https:\/\/miss-berry.nl\/wp-content\/uploads\/2021\/05\/ShotsbYvon1-93-scaled.jpg) center center no-repeat scroll; vertical-align:top; padding:30px; ' ><div class='flex_cell_inner' ><div  style='height:350px' class='hr hr-invisible   avia-builder-el-21  avia-builder-el-no-sibling '><span class='hr-inner ' ><span class='hr-inner-style'><\/span><\/span><\/div>\n<\/div><\/div>\n<\/div><\/p>\n<div id='av_section_3'  class='avia-section main_color avia-section-default avia-no-border-styling  avia-bg-style-scroll  avia-builder-el-22  el_after_av_layout_row  el_before_av_layout_row   av-desktop-hide av-medium-hide av-small-hide av-mini-hide container_wrap sidebar_right' style=' '  ><div class='container' ><div class='template-page content  av-content-small alpha units'><div class='post-entry post-entry-type-page post-entry-985'><div class='entry-content-wrapper clearfix'>\n<div class=\"flex_column av_one_full  flex_column_div av-zero-column-padding first  avia-builder-el-23  avia-builder-el-no-sibling  \" style='border-radius:0px; '><section class=\"av_textblock_section \"  itemscope=\"itemscope\" itemtype=\"https:\/\/schema.org\/CreativeWork\" ><div class='avia_textblock  '   itemprop=\"text\" ><p style=\"text-align: center;\"><strong>HIER BEGINT MOBIEL<\/strong><\/p>\n<\/div><\/section><\/div>\n\n<\/div><\/div><\/div><!-- close content main div --><\/div><\/div><div id='av-layout-grid-3'  class='av-layout-grid-container entry-content-wrapper main_color av-flex-cells   av-desktop-hide av-medium-hide   avia-builder-el-25  el_after_av_section  el_before_av_section  submenu-not-first container_wrap sidebar_right' style=' '  >\n<div class=\"flex_cell no_margin av_one_full  avia-builder-el-26  avia-builder-el-no-sibling   av-zero-padding \"  style='height:500px; min-height:500px;vertical-align:top; padding:0px; ' ><div class='flex_cell_inner' ><div class=\"flex_column av_one_full  avia-full-stretch flex_column_div first  avia-builder-el-27  avia-builder-el-no-sibling  \" style='background:url(https:\/\/miss-berry.nl\/wp-content\/uploads\/2021\/02\/aliona-gumeniuk-pHDFgXWIOK0-unsplash-scaled.jpg) bottom center no-repeat ; padding:30px 30px 30px 75px ; border-radius:0px; '><p><div  style='height:50px' class='hr hr-invisible   avia-builder-el-28  el_before_av_textblock  avia-builder-el-first '><span class='hr-inner ' ><span class='hr-inner-style'><\/span><\/span><\/div><br \/>\n<section class=\"av_textblock_section \"  itemscope=\"itemscope\" itemtype=\"https:\/\/schema.org\/CreativeWork\" ><div class='avia_textblock  av_inherit_color '  style='color:#ffffff; '  itemprop=\"text\" ><h3>\u00dcBER MISS BERRY<\/h3>\n<\/div><\/section><br \/>\n<div  style='height:50px' class='hr hr-invisible   avia-builder-el-30  el_after_av_textblock  avia-builder-el-last '><span class='hr-inner ' ><span class='hr-inner-style'><\/span><\/span><\/div><\/p><\/div>\n<\/div><\/div>\n<\/div>\n<div id='av_section_4'  class='avia-section main_color avia-section-default avia-no-border-styling  avia-bg-style-scroll  avia-builder-el-31  el_after_av_layout_row  el_before_av_section   av-desktop-hide av-medium-hide container_wrap sidebar_right' style=' margin-top:-350px; margin-bottom:0px; '  ><div class='container' ><div class='template-page content  av-content-small alpha units'><div class='post-entry post-entry-type-page post-entry-985'><div class='entry-content-wrapper clearfix'>\n<div class=\"flex_column av_one_full  flex_column_div av-zero-column-padding first  avia-builder-el-32  avia-builder-el-no-sibling  \" style='border-radius:0px; '><p><section class=\"av_textblock_section \"  itemscope=\"itemscope\" itemtype=\"https:\/\/schema.org\/CreativeWork\" ><div class='avia_textblock  '   itemprop=\"text\" ><p>Die Mission von Miss Berry ist es, Lebensmittelverschwendung entlang der gesamten Kette zu reduzieren \u2013 vom Erzeuger bis zum Einzelhandel. Das erreichen wir mit einer effizienten, gut abgestimmten Distributionskette f\u00fcr Klasse-3-Beerenobst. Wir organisieren schnelle, r\u00fcckverfolgbare Transporte vom Erzeuger zum Hersteller, arbeiten mit kurzen Wegen und entwickeln praktische L\u00f6sungen f\u00fcr alle Beteiligten. So erzielen wir einen besseren Preis f\u00fcr die Erzeuger und liefern der Lebensmittel verarbeitenden Industrie hochwertige Rohstoffe.<\/p>\n<\/div><\/section><br \/>\n<div  style='height:25px' class='hr hr-invisible   avia-builder-el-34  el_after_av_textblock  el_before_av_textblock '><span class='hr-inner ' ><span class='hr-inner-style'><\/span><\/span><\/div><br \/>\n<section class=\"av_textblock_section \"  itemscope=\"itemscope\" itemtype=\"https:\/\/schema.org\/CreativeWork\" ><div class='avia_textblock  '   itemprop=\"text\" ><blockquote>\n<p>Miss Berry m\u00f6chte Lebensmittelverschwendung mit einer transparenten und nachhaltigen Lieferkette f\u00fcr Klasse-3-Beerenobst bek\u00e4mpfen. Dadurch erhalten die Erzeuger eine bessere Verg\u00fctung f\u00fcr ihre Reststr\u00f6me, die Lebensmittelindustrie bekommt vollwertige Rohwaren geliefert und es wird deutlich weniger Nahrung wegge\u00adworfen.<\/p>\n<\/blockquote>\n<\/div><\/section><\/p><\/div>\n\n<\/div><\/div><\/div><!-- close content main div --><\/div><\/div><div id='av_section_5'  class='avia-section main_color avia-section-default avia-no-border-styling  avia-bg-style-scroll  avia-builder-el-36  el_after_av_section  avia-builder-el-last   av-desktop-hide av-medium-hide container_wrap sidebar_right' style='background-color: #f4f4f4;  margin-top:0px; margin-bottom:0px; '  ><div class='container' ><div class='template-page content  av-content-small alpha units'><div class='post-entry post-entry-type-page post-entry-985'><div class='entry-content-wrapper clearfix'>\n<div class=\"flex_column av_one_full  flex_column_div av-zero-column-padding first  avia-builder-el-37  avia-builder-el-no-sibling  \" style='border-radius:0px; '><section class=\"av_textblock_section \"  itemscope=\"itemscope\" itemtype=\"https:\/\/schema.org\/CreativeWork\" ><div class='avia_textblock  '   itemprop=\"text\" ><blockquote>\n<p>\u00dcber Manon Krijnen<\/p>\n<\/blockquote>\n<p>Manon Krijnen ist die treibende Kraft hinter Miss Berry. Als Tochter eines Chicor\u00e9e-Erzeugers gr\u00fcndete sie ihr Unternehmen, nachdem ein Beerenobst-Erzeuger einen Abnehmer f\u00fcr seine Klasse-3-Produkte suchte. Manon machte sich auf die Suche \u2013 und wurde f\u00fcndig. In diesem ersten Jahr lieferte sie 50.000 Kilo \u00fcberreife Himbeeren und Brombeeren an einen Hersteller in Deutschland.<\/p>\n<\/div><\/section><br \/>\n<div   data-autoplay='1'  data-interval='5'  data-animation='fade'  data-hoverpause='1'  class='avia-testimonial-wrapper avia-slider-testimonials avia-slider-1-testimonials avia_animate_when_almost_visible   '>\n<section class ='avia-testimonial-row'><div class='avia-testimonial av_one_full flex_column no_margin avia-testimonial-row-1 avia-first-testimonial' ><div class='avia-testimonial_inner'  itemscope=\"itemscope\" itemtype=\"https:\/\/schema.org\/CreativeWork\" ><div class='avia-testimonial-content '  ><div class='avia-testimonial-markup-entry-content'  itemprop=\"text\" ><p><em>\u201cDie Erzeuger leisten hervorragende Arbeit. Trotzdem hat jeder Betrieb immer einen Reststrom aus weniger sch\u00f6nen oder \u00fcberreifen Fr\u00fcchten. F\u00fcr diese Erdbeeren oder Beeren werden dieselben Kosten und derselbe Aufwand betrieben \u2013 aber sie k\u00f6nnen nicht an Superm\u00e4rkte oder Obstl\u00e4den verkauft werden. Ich sorge daf\u00fcr, dass dieses Industrieobst schnell zur Lebensmittel verarbeitenden Industrie gelangt, f\u00fcr die es ein vollwertiger Rohstoff ist. Eine nachhaltige Gesamtl\u00f6sung, die Lebensmittelverschwendung reduziert.\u201d<\/em><\/p>\n<\/div><\/div><div class='avia-testimonial-meta'><div class='avia-testimonial-arrow-wrap'><div class='avia-arrow'><\/div><\/div><div class='avia-testimonial-image'  itemprop=\"image\"  style='background-image:url(https:\/\/miss-berry.nl\/wp-content\/uploads\/2025\/11\/Manon_-180x180.png);'><\/div><div class='avia-testimonial-meta-mini'  itemprop=\"author\" itemscope=\"itemscope\" itemtype=\"https:\/\/schema.org\/Person\" ><strong  class='avia-testimonial-name'    itemprop=\"name\" >Manon Krijnen<\/strong><span  class='avia-testimonial-subtitle '    itemprop=\"jobTitle\" >Miss Berry <\/span><\/div><\/div><\/div><\/div>\n<\/section><\/div><br \/>\n<div  class='avia-button-wrap avia-button-center  avia-builder-el-40  el_after_av_testimonials  avia-builder-el-last ' ><a href='https:\/\/miss-berry.nl\/contact\/'  class='avia-button   avia-icon_select-no avia-size-large avia-position-center '  style='background-color:#a71d44; border-color:#a71d44; color:#ffffff; ' ><span class='avia_iconbox_title' >KONTAKT<\/span><\/a><\/div><\/p><\/div><\/div><\/div><\/div><!-- close content main div --><\/div><\/div><div id='after_section_5'  class='main_color av_default_container_wrap container_wrap sidebar_right' style=' '  ><div class='container' ><div class='template-page content  av-content-small alpha units'><div class='post-entry post-entry-type-page post-entry-985'><div class='entry-content-wrapper clearfix'>\n","protected":false},"excerpt":{"rendered":"","protected":false},"author":2,"featured_media":0,"parent":0,"menu_order":0,"comment_status":"closed","ping_status":"closed","template":"","meta":{"footnotes":""},"class_list":["post-985","page","type-page","status-publish","hentry"],"yoast_head":"<!-- This site is optimized with the Yoast SEO plugin v27.1.1 - https:\/\/yoast.com\/product\/yoast-seo-wordpress\/ -->\n<title>Miss Berry | Beerenobst Klasse 3 | vom Erzeuger zum Hersteller<\/title>\n<meta name=\"description\" content=\"Miss Berry will Lebensmittelverschwendung reduzieren \u2013 mit einer transparenten, nachhaltigen Vertriebskette f\u00fcr Beerenobst der Klasse 3: besch\u00e4digte und verformte Fr\u00fcchte.\" \/>\n<meta name=\"robots\" content=\"index, follow, max-snippet:-1, max-image-preview:large, max-video-preview:-1\" \/>\n<link rel=\"canonical\" href=\"https:\/\/miss-berry.nl\/de\/ueber-miss-berry\/\" \/>\n<meta property=\"og:locale\" content=\"de_DE\" \/>\n<meta property=\"og:type\" content=\"article\" \/>\n<meta property=\"og:title\" content=\"Miss Berry | Beerenobst Klasse 3 | vom Erzeuger zum Hersteller\" \/>\n<meta property=\"og:description\" content=\"Miss Berry will Lebensmittelverschwendung reduzieren \u2013 mit einer transparenten, nachhaltigen Vertriebskette f\u00fcr Beerenobst der Klasse 3: besch\u00e4digte und verformte Fr\u00fcchte.\" \/>\n<meta property=\"og:url\" content=\"https:\/\/miss-berry.nl\/de\/ueber-miss-berry\/\" \/>\n<meta property=\"og:site_name\" content=\"Miss Berry\" \/>\n<meta property=\"article:modified_time\" content=\"2025-12-08T15:01:06+00:00\" \/>\n<meta name=\"twitter:card\" content=\"summary_large_image\" \/>\n<meta name=\"twitter:label1\" content=\"Gesch\u00e4tzte Lesezeit\" \/>\n\t<meta name=\"twitter:data1\" content=\"19\u00a0Minuten\" \/>\n<script type=\"application\/ld+json\" class=\"yoast-schema-graph\">{\"@context\":\"https:\/\/schema.org\",\"@graph\":[{\"@type\":\"WebPage\",\"@id\":\"https:\/\/miss-berry.nl\/de\/ueber-miss-berry\/\",\"url\":\"https:\/\/miss-berry.nl\/de\/ueber-miss-berry\/\",\"name\":\"Miss Berry | Beerenobst Klasse 3 | vom Erzeuger zum Hersteller\",\"isPartOf\":{\"@id\":\"https:\/\/miss-berry.nl\/de\/#website\"},\"datePublished\":\"2025-12-08T14:59:31+00:00\",\"dateModified\":\"2025-12-08T15:01:06+00:00\",\"description\":\"Miss Berry will Lebensmittelverschwendung reduzieren \u2013 mit einer transparenten, nachhaltigen Vertriebskette f\u00fcr Beerenobst der Klasse 3: besch\u00e4digte und verformte Fr\u00fcchte.\",\"breadcrumb\":{\"@id\":\"https:\/\/miss-berry.nl\/de\/ueber-miss-berry\/#breadcrumb\"},\"inLanguage\":\"de\",\"potentialAction\":[{\"@type\":\"ReadAction\",\"target\":[\"https:\/\/miss-berry.nl\/de\/ueber-miss-berry\/\"]}]},{\"@type\":\"BreadcrumbList\",\"@id\":\"https:\/\/miss-berry.nl\/de\/ueber-miss-berry\/#breadcrumb\",\"itemListElement\":[{\"@type\":\"ListItem\",\"position\":1,\"name\":\"Home\",\"item\":\"https:\/\/miss-berry.nl\/de\/\"},{\"@type\":\"ListItem\",\"position\":2,\"name\":\"\u00dcber Miss Berry\"}]},{\"@type\":\"WebSite\",\"@id\":\"https:\/\/miss-berry.nl\/de\/#website\",\"url\":\"https:\/\/miss-berry.nl\/de\/\",\"name\":\"Miss Berry\",\"description\":\"Fruits\",\"potentialAction\":[{\"@type\":\"SearchAction\",\"target\":{\"@type\":\"EntryPoint\",\"urlTemplate\":\"https:\/\/miss-berry.nl\/de\/?s={search_term_string}\"},\"query-input\":{\"@type\":\"PropertyValueSpecification\",\"valueRequired\":true,\"valueName\":\"search_term_string\"}}],\"inLanguage\":\"de\"}]}<\/script>\n<!-- \/ Yoast SEO plugin. -->","yoast_head_json":{"title":"Miss Berry | Beerenobst Klasse 3 | vom Erzeuger zum Hersteller","description":"Miss Berry will Lebensmittelverschwendung reduzieren \u2013 mit einer transparenten, nachhaltigen Vertriebskette f\u00fcr Beerenobst der Klasse 3: besch\u00e4digte und verformte Fr\u00fcchte.","robots":{"index":"index","follow":"follow","max-snippet":"max-snippet:-1","max-image-preview":"max-image-preview:large","max-video-preview":"max-video-preview:-1"},"canonical":"https:\/\/miss-berry.nl\/de\/ueber-miss-berry\/","og_locale":"de_DE","og_type":"article","og_title":"Miss Berry | Beerenobst Klasse 3 | vom Erzeuger zum Hersteller","og_description":"Miss Berry will Lebensmittelverschwendung reduzieren \u2013 mit einer transparenten, nachhaltigen Vertriebskette f\u00fcr Beerenobst der Klasse 3: besch\u00e4digte und verformte Fr\u00fcchte.","og_url":"https:\/\/miss-berry.nl\/de\/ueber-miss-berry\/","og_site_name":"Miss Berry","article_modified_time":"2025-12-08T15:01:06+00:00","twitter_card":"summary_large_image","twitter_misc":{"Gesch\u00e4tzte Lesezeit":"19\u00a0Minuten"},"schema":{"@context":"https:\/\/schema.org","@graph":[{"@type":"WebPage","@id":"https:\/\/miss-berry.nl\/de\/ueber-miss-berry\/","url":"https:\/\/miss-berry.nl\/de\/ueber-miss-berry\/","name":"Miss Berry | Beerenobst Klasse 3 | vom Erzeuger zum Hersteller","isPartOf":{"@id":"https:\/\/miss-berry.nl\/de\/#website"},"datePublished":"2025-12-08T14:59:31+00:00","dateModified":"2025-12-08T15:01:06+00:00","description":"Miss Berry will Lebensmittelverschwendung reduzieren \u2013 mit einer transparenten, nachhaltigen Vertriebskette f\u00fcr Beerenobst der Klasse 3: besch\u00e4digte und verformte Fr\u00fcchte.","breadcrumb":{"@id":"https:\/\/miss-berry.nl\/de\/ueber-miss-berry\/#breadcrumb"},"inLanguage":"de","potentialAction":[{"@type":"ReadAction","target":["https:\/\/miss-berry.nl\/de\/ueber-miss-berry\/"]}]},{"@type":"BreadcrumbList","@id":"https:\/\/miss-berry.nl\/de\/ueber-miss-berry\/#breadcrumb","itemListElement":[{"@type":"ListItem","position":1,"name":"Home","item":"https:\/\/miss-berry.nl\/de\/"},{"@type":"ListItem","position":2,"name":"\u00dcber Miss Berry"}]},{"@type":"WebSite","@id":"https:\/\/miss-berry.nl\/de\/#website","url":"https:\/\/miss-berry.nl\/de\/","name":"Miss Berry","description":"Fruits","potentialAction":[{"@type":"SearchAction","target":{"@type":"EntryPoint","urlTemplate":"https:\/\/miss-berry.nl\/de\/?s={search_term_string}"},"query-input":{"@type":"PropertyValueSpecification","valueRequired":true,"valueName":"search_term_string"}}],"inLanguage":"de"}]}},"_links":{"self":[{"href":"https:\/\/miss-berry.nl\/de\/wp-json\/wp\/v2\/pages\/985","targetHints":{"allow":["GET"]}}],"collection":[{"href":"https:\/\/miss-berry.nl\/de\/wp-json\/wp\/v2\/pages"}],"about":[{"href":"https:\/\/miss-berry.nl\/de\/wp-json\/wp\/v2\/types\/page"}],"author":[{"embeddable":true,"href":"https:\/\/miss-berry.nl\/de\/wp-json\/wp\/v2\/users\/2"}],"replies":[{"embeddable":true,"href":"https:\/\/miss-berry.nl\/de\/wp-json\/wp\/v2\/comments?post=985"}],"version-history":[{"count":7,"href":"https:\/\/miss-berry.nl\/de\/wp-json\/wp\/v2\/pages\/985\/revisions"}],"predecessor-version":[{"id":1000,"href":"https:\/\/miss-berry.nl\/de\/wp-json\/wp\/v2\/pages\/985\/revisions\/1000"}],"wp:attachment":[{"href":"https:\/\/miss-berry.nl\/de\/wp-json\/wp\/v2\/media?parent=985"}],"curies":[{"name":"wp","href":"https:\/\/api.w.org\/{rel}","templated":true}]}}